{"id":3474,"date":"2016-03-22T18:34:47","date_gmt":"2016-03-22T18:34:47","guid":{"rendered":"https:\/\/stormmarketing.ca\/en\/?page_id=3474"},"modified":"2023-05-15T17:01:31","modified_gmt":"2023-05-15T17:01:31","slug":"services","status":"publish","type":"page","link":"https:\/\/stormmarketing.ca\/en\/services\/","title":{"rendered":"services ."},"content":{"rendered":"\n<style type=\"text\/css\" data-created_by=\"avia_inline_auto\" id=\"style-css-av-lhp32kl7-52d8f1a75e32e67f1fb975490b949053\">\n.avia-section.av-lhp32kl7-52d8f1a75e32e67f1fb975490b949053 .av-parallax .av-parallax-inner{\nbackground-repeat:no-repeat;\nbackground-image:url(https:\/\/stormmarketing.ca\/wp-content\/uploads\/2016\/03\/sasdsd-1500x844.jpg);\nbackground-position:50% 100%;\nbackground-attachment:scroll;\n}\n.avia-section.av-lhp32kl7-52d8f1a75e32e67f1fb975490b949053 .av-section-color-overlay{\nopacity:0.7;\nbackground-color:#0b90cb;\n}\n<\/style>\n<div id='av_section_1'  class='avia-section av-lhp32kl7-52d8f1a75e32e67f1fb975490b949053 alternate_color avia-section-default avia-no-border-styling  avia-builder-el-0  el_before_av_section  avia-builder-el-first  avia-full-stretch av-parallax-section avia-bg-style-parallax av-section-color-overlay-active av-minimum-height av-minimum-height-35 av-height-percent  container_wrap fullsize'  data-section-bg-repeat='stretch' data-av_minimum_height_pc='35' data-av_min_height_opt='percent'><div class='av-parallax' data-avia-parallax-ratio='0.3' ><div class='av-parallax-inner alternate_color avia-full-stretch'><\/div><\/div><div class=\"av-section-color-overlay-wrap\"><div class=\"av-section-color-overlay\"><\/div><div class='container av-section-cont-open' ><main  role=\"main\" itemprop=\"mainContentOfPage\"  class='template-page content  av-content-full alpha units'><div class='post-entry post-entry-type-page post-entry-3474'><div class='entry-content-wrapper clearfix'>\n<section  class='av_textblock_section av-kyemvv4i-afad7f505de9430f6965cb9e09edfe78 '   itemscope=\"itemscope\" itemtype=\"https:\/\/schema.org\/CreativeWork\" ><div class='avia_textblock'  itemprop=\"text\" ><h1><strong>activate .<\/strong> your brand<br \/>\n<strong>engage .<\/strong> the conversation<br \/>\n<strong>connect _.<\/strong> in person<\/h1>\n<\/div><\/section>\n\n<\/div><\/div><\/main><!-- close content main element --><\/div><\/div><\/div><div id='av_section_2'  class='avia-section av-av_section-a6143d3ffca90d293bb1b9e7048de009 main_color avia-section-default avia-no-border-styling  avia-builder-el-2  el_after_av_section  avia-builder-el-last  avia-bg-style-fixed container_wrap fullsize'  ><div class='container av-section-cont-open' ><div class='template-page content  av-content-full alpha units'><div class='post-entry post-entry-type-page post-entry-3474'><div class='entry-content-wrapper clearfix'>\n\n<style type=\"text\/css\" data-created_by=\"avia_inline_auto\" id=\"style-css-av-av_one_full-9497bbf8bff73ea4c6992cc17fa9ec36\">\n.flex_column.av-av_one_full-9497bbf8bff73ea4c6992cc17fa9ec36{\nborder-radius:0px 0px 0px 0px;\npadding:0px 0px 0px 0px;\n}\n<\/style>\n<div  class='flex_column av-av_one_full-9497bbf8bff73ea4c6992cc17fa9ec36 av_one_full  avia-builder-el-3  el_before_av_one_full  avia-builder-el-first  first flex_column_div av-zero-column-padding  '     ><section  class='av_textblock_section av-av_textblock-0366cc7376be6c9e82a3e9cc8987b64f '   itemscope=\"itemscope\" itemtype=\"https:\/\/schema.org\/CreativeWork\" ><div class='avia_textblock'  itemprop=\"text\" ><h2><strong>Experiential<\/strong> marketing<\/h2>\n<\/div><\/section><br \/>\n<section  class='av_textblock_section av-av_textblock-0366cc7376be6c9e82a3e9cc8987b64f '   itemscope=\"itemscope\" itemtype=\"https:\/\/schema.org\/CreativeWork\" ><div class='avia_textblock'  itemprop=\"text\" ><p>We offer turnkey solutions for planning, design, and campaigns for carrying experiential and promotional marketing.<\/p>\n<p>Our creativity and expertise in production and logistics allow us to develop marketing operations experiential that impact and a very high accuracy. Our approach to experiential marketing is based consumer engagement and on concrete results for our customers and quantifiable.<\/p>\n<p>Active across the country, our team creates\u00a0campaigns that have a direct impact on your customer.<\/p>\n<\/div><\/section><br \/>\n\n<style type=\"text\/css\" data-created_by=\"avia_inline_auto\" id=\"style-css-av-av_promobox-d5a124595ea2653f982d3991d6e1887d\">\n.av_promobox.av-av_promobox-d5a124595ea2653f982d3991d6e1887d{\ncolor:#ffffff;\nbackground:#0b90cb;\nborder-color:#0b90cb;\n}\n<\/style>\n<div  class='av_promobox av-av_promobox-d5a124595ea2653f982d3991d6e1887d avia-button-no  avia-builder-el-6  el_after_av_textblock  avia-builder-el-last '><div class='avia-promocontent'><\/p>\n<ul>\n<li>Street marketing<\/li>\n<li>Sampling &#038; tasting<\/li>\n<li>Product\/service launches<\/li>\n<li>Sponsorships<\/li>\n<li>Brand ambassadors<\/li>\n<li>Development of promotional concept<\/li>\n<li>Activations with technologies<\/li>\n<li>National promotional tours and events<\/li>\n<li>Guerilla marketing<\/li>\n<li>Event logistics and storage<\/li>\n<\/ul>\n<p>\n<\/div><\/div><\/p><\/div>\n<style type=\"text\/css\" data-created_by=\"avia_inline_auto\" id=\"style-css-av-av_one_full-9497bbf8bff73ea4c6992cc17fa9ec36\">\n.flex_column.av-av_one_full-9497bbf8bff73ea4c6992cc17fa9ec36{\nborder-radius:0px 0px 0px 0px;\npadding:0px 0px 0px 0px;\n}\n<\/style>\n<div  class='flex_column av-av_one_full-9497bbf8bff73ea4c6992cc17fa9ec36 av_one_full  avia-builder-el-7  el_after_av_one_full  el_before_av_one_full  first flex_column_div av-zero-column-padding  column-top-margin'     ><section  class='av_textblock_section av-av_textblock-0366cc7376be6c9e82a3e9cc8987b64f '   itemscope=\"itemscope\" itemtype=\"https:\/\/schema.org\/CreativeWork\" ><div class='avia_textblock'  itemprop=\"text\" ><h2 style=\"text-align: center;\">Achievements that speak for themselves<\/h2>\n<p style=\"text-align: center;\">Projects succeed each other and with each mandate, we push our limits to meet the needs of our clients<\/p>\n<\/div><\/section><\/div>\n<style type=\"text\/css\" data-created_by=\"avia_inline_auto\" id=\"style-css-av-av_one_full-9497bbf8bff73ea4c6992cc17fa9ec36\">\n.flex_column.av-av_one_full-9497bbf8bff73ea4c6992cc17fa9ec36{\nborder-radius:0px 0px 0px 0px;\npadding:0px 0px 0px 0px;\n}\n<\/style>\n<div  class='flex_column av-av_one_full-9497bbf8bff73ea4c6992cc17fa9ec36 av_one_full  avia-builder-el-9  el_after_av_one_full  avia-builder-el-last  first flex_column_div av-zero-column-padding  column-top-margin'     ><section  class='av_textblock_section av-av_textblock-0366cc7376be6c9e82a3e9cc8987b64f '   itemscope=\"itemscope\" itemtype=\"https:\/\/schema.org\/CreativeWork\" ><div class='avia_textblock'  itemprop=\"text\" ><h3><strong>Experential<\/strong> marketing<\/h3>\n<p>to this day<\/p>\n<\/div><\/section><br \/>\n<section  class='av_textblock_section av-av_textblock-0366cc7376be6c9e82a3e9cc8987b64f '   itemscope=\"itemscope\" itemtype=\"https:\/\/schema.org\/CreativeWork\" ><div class='avia_textblock'  itemprop=\"text\" ><p>+\u00a0\u00a0<strong>600<\/strong> promos executed across Canada<br \/>\n+<strong>\u00a0<\/strong><strong>1.5 million<\/strong>\u00a0samples distributed across all campaigns<br \/>\n+\u00a0<strong>300 brand ambassadors\u00a0<\/strong>worked with us so far<\/p>\n<\/div><\/section><br \/>\n<div  class='hr av-av_hr-dcd2069817a0e3d34ae04cad8f3443c7 hr-default  avia-builder-el-12  el_after_av_textblock  el_before_av_textblock '><span class='hr-inner '><span class=\"hr-inner-style\"><\/span><\/span><\/div><br \/>\n<section  class='av_textblock_section av-av_textblock-0366cc7376be6c9e82a3e9cc8987b64f '   itemscope=\"itemscope\" itemtype=\"https:\/\/schema.org\/CreativeWork\" ><div class='avia_textblock'  itemprop=\"text\" ><h4>A few recent projects<\/h4>\n<ul>\n<li>GoPure at Salon Expo Sant\u00e9 of Qu\u00e9bec and Montr\u00e9al<\/li>\n<li>C\u00e9l\u00e9bration at Royal agricultural winter fair<\/li>\n<li>Vital at Zoo de Granby<\/li>\n<li>Gopure Canadian tour<\/li>\n<li>Guerilla Gopure\u00a0accross canada<\/li>\n<li>Tradition, Vital, Gopure in more than 600 groceries<\/li>\n<li>C\u00e9l\u00e9bration Canadian tour &#8220;Why is this cookie so good?&#8221;<\/li>\n<li>C\u00e9l\u00e9bration Canadian tour in shopping malls<\/li>\n<li>Vital in sliding centres<\/li>\n<li>C\u00e9l\u00e9bration smore\u2019s at Festival d\u2019\u00e9t\u00e9 de Qu\u00e9bec<\/li>\n<li>Tradition cookies at festival d\u2019\u00e9t\u00e9 de Qu\u00e9bec<\/li>\n<li>La Coop F\u00e9d\u00e9r\u00e9e at Salon de l\u2019agriculture<\/li>\n<li>Gopure \u201cyoga\u201d at Festival d\u2019\u00e9t\u00e9 de Qu\u00e9bec<\/li>\n<li>Chocomax \u201cdonne ton max\u201d at Festival d\u2019\u00e9t\u00e9 de Qu\u00e9bec<\/li>\n<li>Gopure in groceries<\/li>\n<li>Chocomax in ski resorts<\/li>\n<\/ul>\n<\/div><\/section><\/p><\/div>\n\n","protected":false},"excerpt":{"rendered":"","protected":false},"author":1,"featured_media":5132,"parent":0,"menu_order":1,"comment_status":"closed","ping_status":"closed","template":"","meta":[],"yoast_head":"<!-- This site is optimized with the Yoast SEO plugin v20.11 - https:\/\/yoast.com\/wordpress\/plugins\/seo\/ -->\n<title>STORM - Activer. Engager. Connecter - Des services sur mesure<\/title>\n<meta name=\"description\" content=\"Nous nous sp\u00e9cialisons dans la production d\u2019exp\u00e9riences de marque. Nous offrons des solutions \u00ab cl\u00e9 en main \u00bb pour la planification, la conception et la r\u00e9alisation de campagnes de marketing exp\u00e9rientiel et promotionnel.\" \/>\n<meta name=\"robots\" content=\"index, follow, max-snippet:-1, max-image-preview:large, max-video-preview:-1\" \/>\n<link rel=\"canonical\" href=\"https:\/\/stormmarketing.ca\/en\/services\/\" \/>\n<meta property=\"og:locale\" content=\"en_US\" \/>\n<meta property=\"og:type\" content=\"article\" \/>\n<meta property=\"og:title\" content=\"STORM marketing\" \/>\n<meta property=\"og:description\" content=\"Nous nous sp\u00e9cialisons dans la production d\u2019exp\u00e9riences de marque. Nous offrons des solutions \u00ab cl\u00e9 en main \u00bb pour la planification, la conception et la r\u00e9alisation de campagnes de marketing exp\u00e9rientiel et promotionnel.\" \/>\n<meta property=\"og:url\" content=\"https:\/\/stormmarketing.ca\/en\/services\/\" \/>\n<meta property=\"og:site_name\" content=\"STORM\" \/>\n<meta property=\"article:publisher\" content=\"https:\/\/www.facebook.com\/stormmarketing.ca\" \/>\n<meta property=\"article:modified_time\" content=\"2023-05-15T17:01:31+00:00\" \/>\n<meta property=\"og:image\" content=\"https:\/\/stormmarketing.ca\/wp-content\/uploads\/2016\/03\/PROMO.jpg\" \/>\n\t<meta property=\"og:image:width\" content=\"1920\" \/>\n\t<meta property=\"og:image:height\" content=\"1080\" \/>\n\t<meta property=\"og:image:type\" content=\"image\/jpeg\" \/>\n<meta name=\"twitter:card\" content=\"summary_large_image\" \/>\n<meta name=\"twitter:label1\" content=\"Est. reading time\" \/>\n\t<meta name=\"twitter:data1\" content=\"3 minutes\" \/>\n<script type=\"application\/ld+json\" class=\"yoast-schema-graph\">{\"@context\":\"https:\/\/schema.org\",\"@graph\":[{\"@type\":\"WebPage\",\"@id\":\"https:\/\/stormmarketing.ca\/en\/services\/\",\"url\":\"https:\/\/stormmarketing.ca\/en\/services\/\",\"name\":\"STORM - Activer. Engager. Connecter - Des services sur mesure\",\"isPartOf\":{\"@id\":\"https:\/\/stormmarketing.ca\/en\/#website\"},\"datePublished\":\"2016-03-22T18:34:47+00:00\",\"dateModified\":\"2023-05-15T17:01:31+00:00\",\"description\":\"Nous nous sp\u00e9cialisons dans la production d\u2019exp\u00e9riences de marque. Nous offrons des solutions \u00ab cl\u00e9 en main \u00bb pour la planification, la conception et la r\u00e9alisation de campagnes de marketing exp\u00e9rientiel et promotionnel.\",\"breadcrumb\":{\"@id\":\"https:\/\/stormmarketing.ca\/en\/services\/#breadcrumb\"},\"inLanguage\":\"en-CA\",\"potentialAction\":[{\"@type\":\"ReadAction\",\"target\":[\"https:\/\/stormmarketing.ca\/en\/services\/\"]}]},{\"@type\":\"BreadcrumbList\",\"@id\":\"https:\/\/stormmarketing.ca\/en\/services\/#breadcrumb\",\"itemListElement\":[{\"@type\":\"ListItem\",\"position\":1,\"name\":\"Accueil\",\"item\":\"https:\/\/stormmarketing.ca\/en\/index\/\"},{\"@type\":\"ListItem\",\"position\":2,\"name\":\"services .\"}]},{\"@type\":\"WebSite\",\"@id\":\"https:\/\/stormmarketing.ca\/en\/#website\",\"url\":\"https:\/\/stormmarketing.ca\/en\/\",\"name\":\"STORM\",\"description\":\"WEB - AFFICHAGE - DESIGN - \u00c9V\u00c9NEMENTS\",\"potentialAction\":[{\"@type\":\"SearchAction\",\"target\":{\"@type\":\"EntryPoint\",\"urlTemplate\":\"https:\/\/stormmarketing.ca\/en\/?s={search_term_string}\"},\"query-input\":\"required name=search_term_string\"}],\"inLanguage\":\"en-CA\"}]}<\/script>\n<!-- \/ Yoast SEO plugin. -->","yoast_head_json":{"title":"STORM - Activer. Engager. Connecter - Des services sur mesure","description":"Nous nous sp\u00e9cialisons dans la production d\u2019exp\u00e9riences de marque. Nous offrons des solutions \u00ab cl\u00e9 en main \u00bb pour la planification, la conception et la r\u00e9alisation de campagnes de marketing exp\u00e9rientiel et promotionnel.","robots":{"index":"index","follow":"follow","max-snippet":"max-snippet:-1","max-image-preview":"max-image-preview:large","max-video-preview":"max-video-preview:-1"},"canonical":"https:\/\/stormmarketing.ca\/en\/services\/","og_locale":"en_US","og_type":"article","og_title":"STORM marketing","og_description":"Nous nous sp\u00e9cialisons dans la production d\u2019exp\u00e9riences de marque. Nous offrons des solutions \u00ab cl\u00e9 en main \u00bb pour la planification, la conception et la r\u00e9alisation de campagnes de marketing exp\u00e9rientiel et promotionnel.","og_url":"https:\/\/stormmarketing.ca\/en\/services\/","og_site_name":"STORM","article_publisher":"https:\/\/www.facebook.com\/stormmarketing.ca","article_modified_time":"2023-05-15T17:01:31+00:00","og_image":[{"width":1920,"height":1080,"url":"https:\/\/stormmarketing.ca\/wp-content\/uploads\/2016\/03\/PROMO.jpg","type":"image\/jpeg"}],"twitter_card":"summary_large_image","twitter_misc":{"Est. reading time":"3 minutes"},"schema":{"@context":"https:\/\/schema.org","@graph":[{"@type":"WebPage","@id":"https:\/\/stormmarketing.ca\/en\/services\/","url":"https:\/\/stormmarketing.ca\/en\/services\/","name":"STORM - Activer. Engager. Connecter - Des services sur mesure","isPartOf":{"@id":"https:\/\/stormmarketing.ca\/en\/#website"},"datePublished":"2016-03-22T18:34:47+00:00","dateModified":"2023-05-15T17:01:31+00:00","description":"Nous nous sp\u00e9cialisons dans la production d\u2019exp\u00e9riences de marque. Nous offrons des solutions \u00ab cl\u00e9 en main \u00bb pour la planification, la conception et la r\u00e9alisation de campagnes de marketing exp\u00e9rientiel et promotionnel.","breadcrumb":{"@id":"https:\/\/stormmarketing.ca\/en\/services\/#breadcrumb"},"inLanguage":"en-CA","potentialAction":[{"@type":"ReadAction","target":["https:\/\/stormmarketing.ca\/en\/services\/"]}]},{"@type":"BreadcrumbList","@id":"https:\/\/stormmarketing.ca\/en\/services\/#breadcrumb","itemListElement":[{"@type":"ListItem","position":1,"name":"Accueil","item":"https:\/\/stormmarketing.ca\/en\/index\/"},{"@type":"ListItem","position":2,"name":"services ."}]},{"@type":"WebSite","@id":"https:\/\/stormmarketing.ca\/en\/#website","url":"https:\/\/stormmarketing.ca\/en\/","name":"STORM","description":"WEB - AFFICHAGE - DESIGN - \u00c9V\u00c9NEMENTS","potentialAction":[{"@type":"SearchAction","target":{"@type":"EntryPoint","urlTemplate":"https:\/\/stormmarketing.ca\/en\/?s={search_term_string}"},"query-input":"required name=search_term_string"}],"inLanguage":"en-CA"}]}},"_links":{"self":[{"href":"https:\/\/stormmarketing.ca\/en\/wp-json\/wp\/v2\/pages\/3474"}],"collection":[{"href":"https:\/\/stormmarketing.ca\/en\/wp-json\/wp\/v2\/pages"}],"about":[{"href":"https:\/\/stormmarketing.ca\/en\/wp-json\/wp\/v2\/types\/page"}],"author":[{"embeddable":true,"href":"https:\/\/stormmarketing.ca\/en\/wp-json\/wp\/v2\/users\/1"}],"replies":[{"embeddable":true,"href":"https:\/\/stormmarketing.ca\/en\/wp-json\/wp\/v2\/comments?post=3474"}],"version-history":[{"count":0,"href":"https:\/\/stormmarketing.ca\/en\/wp-json\/wp\/v2\/pages\/3474\/revisions"}],"wp:featuredmedia":[{"embeddable":true,"href":"https:\/\/stormmarketing.ca\/en\/wp-json\/wp\/v2\/media\/5132"}],"wp:attachment":[{"href":"https:\/\/stormmarketing.ca\/en\/wp-json\/wp\/v2\/media?parent=3474"}],"curies":[{"name":"wp","href":"https:\/\/api.w.org\/{rel}","templated":true}]}}