{"id":367,"date":"2016-03-29T20:40:29","date_gmt":"2016-03-29T20:40:29","guid":{"rendered":"https:\/\/stormmarketing.ca\/?page_id=367"},"modified":"2026-03-28T21:08:52","modified_gmt":"2026-03-28T21:08:52","slug":"emplois","status":"publish","type":"page","link":"https:\/\/stormmarketing.ca\/en\/emplois\/","title":{"rendered":"emplois"},"content":{"rendered":"\n<style type=\"text\/css\" data-created_by=\"avia_inline_auto\" id=\"style-css-av-2ufsbb-4a71337854b53b22708f6f06fcfc2c19\">\n.avia-section.av-2ufsbb-4a71337854b53b22708f6f06fcfc2c19 .av-parallax .av-parallax-inner{\nbackground-repeat:no-repeat;\nbackground-image:url(https:\/\/stormmarketing.ca\/wp-content\/uploads\/2019\/04\/test-1500x938.jpg);\nbackground-position:50% 100%;\nbackground-attachment:scroll;\n}\n.avia-section.av-2ufsbb-4a71337854b53b22708f6f06fcfc2c19 .av-section-color-overlay{\nopacity:0.7;\nbackground-color:#0b90cb;\nbackground-image:url(https:\/\/stormmarketing.ca\/wp-content\/themes\/enfold\/images\/background-images\/wool-diagonal-for-light-background.png);\nbackground-repeat:repeat;\n}\n<\/style>\n<div id='av_section_1'  class='avia-section av-2ufsbb-4a71337854b53b22708f6f06fcfc2c19 alternate_color avia-section-default avia-no-border-styling  avia-builder-el-0  el_before_av_section  avia-builder-el-first  avia-full-stretch av-parallax-section avia-bg-style-parallax av-section-color-overlay-active av-minimum-height av-minimum-height-35 av-height-percent  container_wrap fullsize'  data-section-bg-repeat='stretch' data-av_minimum_height_pc='35' data-av_min_height_opt='percent'><div class='av-parallax' data-avia-parallax-ratio='0.3' ><div class='av-parallax-inner alternate_color avia-full-stretch'><\/div><\/div><div class=\"av-section-color-overlay-wrap\"><div class=\"av-section-color-overlay\"><\/div><div class='container av-section-cont-open' ><main  role=\"main\" itemprop=\"mainContentOfPage\"  class='template-page content  av-content-full alpha units'><div class='post-entry post-entry-type-page post-entry-367'><div class='entry-content-wrapper clearfix'>\n<div  class='flex_column av-2r3wq7-da5b428b2a6d1f613206df64149c45ec av_one_full  avia-builder-el-1  avia-builder-el-no-sibling  first flex_column_div  '     ><section  class='av_textblock_section av-2iml7r-f37adc414c62857323c8c7ebfbcbc147 '   itemscope=\"itemscope\" itemtype=\"https:\/\/schema.org\/CreativeWork\" ><div class='avia_textblock'  itemprop=\"text\" ><h1 style=\"text-align: left;\">Joignez-vous \u00e0 notre\u00a0\u00e9quipe !<\/h1>\n<\/div><\/section><\/div>\n\n<\/div><\/div><\/main><!-- close content main element --><\/div><\/div><\/div><div id='av_section_2'  class='avia-section av-2dw33j-79845a017ffc4b8ee2af252d87b708f3 main_color avia-section-default avia-no-shadow  avia-builder-el-3  el_after_av_section  avia-builder-el-last  avia-bg-style-scroll container_wrap fullsize'  ><div class='container av-section-cont-open' ><div class='template-page content  av-content-full alpha units'><div class='post-entry post-entry-type-page post-entry-367'><div class='entry-content-wrapper clearfix'>\n<section  class='av_textblock_section av-ty7r-886056cc1c68d37c3e23cd15fa97eeea '   itemscope=\"itemscope\" itemtype=\"https:\/\/schema.org\/CreativeWork\" ><div class='avia_textblock'  itemprop=\"text\" ><p style=\"text-align: left;\">Nous sommes constamment \u00e0 la recherche de jeunes talents pour se joindre \u00e0 notre \u00e9quipe. Vous \u00eates \u00e9nergique, enthousiasme, souriant, professionnel et vous adorez travailler avec le public ? Si oui, joignez-vous \u00e0 l\u2019\u00e9quipe STORM !<\/p>\n<\/div><\/section>\n\n<style type=\"text\/css\" data-created_by=\"avia_inline_auto\" id=\"style-css-av-23f3c7-17b4bc4a4660557aa89af896adcc2275\">\n.flex_column.av-23f3c7-17b4bc4a4660557aa89af896adcc2275{\nborder-radius:0px 0px 0px 0px;\npadding:0px 0px 0px 0px;\n}\n<\/style>\n<div  class='flex_column av-23f3c7-17b4bc4a4660557aa89af896adcc2275 av_one_full  avia-builder-el-5  el_after_av_textblock  el_before_av_one_full  first flex_column_div av-zero-column-padding  column-top-margin'     ><section  class='av_textblock_section av-1xe4dr-bba4b99f877473bc1953aa3e839fd5fd '   itemscope=\"itemscope\" itemtype=\"https:\/\/schema.org\/CreativeWork\" ><div class='avia_textblock'  itemprop=\"text\" ><h2>Offres d&#8217;emplois actives (0)<\/h2>\n<\/div><\/section><br \/>\n<section  class='av_textblock_section av-lhq8bdh2-556dd407bb2229a166caf62cc69774f1 '   itemscope=\"itemscope\" itemtype=\"https:\/\/schema.org\/CreativeWork\" ><div class='avia_textblock'  itemprop=\"text\" ><p>Vous parlez anglais et vous aimeriez partir sur la route ? Si oui, regardez nos offres d&#8217;emploi dans le reste du Canada !<\/p>\n<\/div><\/section><br \/>\n<div  class='avia-button-wrap av-lhq8d9b6-f228a894aa76df1985beca85ffe86070-wrap avia-button-left  avia-builder-el-8  el_after_av_textblock  avia-builder-el-last '><a href='https:\/\/stormmarketing.ca\/en\/jobs'  class='avia-button av-lhq8d9b6-f228a894aa76df1985beca85ffe86070 avia-icon_select-no avia-size-medium avia-position-left avia-color-theme-color'  ><span class='avia_iconbox_title' >Jobs offers (English)<\/span><\/a><\/div><\/p><\/div><div  class='flex_column av-olq33-3bc0d101d65ec371e449018310de352a av_one_full  avia-builder-el-9  el_after_av_one_full  avia-builder-el-last  first flex_column_div  column-top-margin'     ><section  class='av_textblock_section av-ley53-299c181b175cc9215b53ea9a886d62c1 '   itemscope=\"itemscope\" itemtype=\"https:\/\/schema.org\/CreativeWork\" ><div class='avia_textblock'  itemprop=\"text\" ><h2>Inscrivez-vous pour recevoir\u00a0les\u00a0offres d&#8217;emplois<\/h2>\n<\/div><\/section><br \/>\n<section  class='av_textblock_section av-gl91z-974f3e36fd9679d7285ab67dbb12b0f3 '   itemscope=\"itemscope\" itemtype=\"https:\/\/schema.org\/CreativeWork\" ><div class='avia_textblock'  itemprop=\"text\" ><p>Vous n&#8217;\u00eates pas disponible pour les mandats mentionn\u00e9s ici-haut et vous voulez simplement nous d\u00e9montrer votre int\u00e9r\u00eat \u00e0 joindre notre \u00e9quipe ? C&#8217;est simple, seulement \u00e0 nous envoyer vos informations et vous serez automatiquement ajout\u00e9 dans notre liste d&#8217;envoie.<\/p>\n<\/div><\/section><br \/>\n<div  class='avia-button-wrap av-8fct3-2f3f10027d151d7bae545b7f3496bc0e-wrap avia-button-left  avia-builder-el-12  el_after_av_textblock  avia-builder-el-last '><a href='https:\/\/forms.gle\/4crgKSdagU7hc6L76' class='avia-button av-8fct3-2f3f10027d151d7bae545b7f3496bc0e avia-icon_select-no avia-size-medium avia-position-left avia-color-theme-color' target=\"_blank\" rel=\"noopener noreferrer\"><span class='avia_iconbox_title' >Ajouter votre nom \u00e0 notre base de donn\u00e9es<\/span><\/a><\/div><\/p><\/div>\n","protected":false},"excerpt":{"rendered":"","protected":false},"author":1,"featured_media":5633,"parent":0,"menu_order":3,"comment_status":"closed","ping_status":"closed","template":"","meta":[],"yoast_head":"<!-- This site is optimized with the Yoast SEO plugin v20.11 - https:\/\/yoast.com\/wordpress\/plugins\/seo\/ -->\n<title>emplois. - STORM<\/title>\n<meta name=\"description\" content=\"Vous \u00eates \u00e9nergique, enthousiasme, souriant, professionnel et vous adorez travailler avec le public ? Si oui, joignez-vous \u00e0 l\u2019\u00e9quipe STORM !\" \/>\n<meta name=\"robots\" content=\"index, follow, max-snippet:-1, max-image-preview:large, max-video-preview:-1\" \/>\n<link rel=\"canonical\" href=\"https:\/\/stormmarketing.ca\/en\/emplois\/\" \/>\n<meta property=\"og:locale\" content=\"en_US\" \/>\n<meta property=\"og:type\" content=\"article\" \/>\n<meta property=\"og:title\" content=\"STORM marketing\" \/>\n<meta property=\"og:description\" content=\"Vous \u00eates \u00e9nergique, enthousiasme, souriant, professionnel et vous adorez travailler avec le public ? Si oui, joignez-vous \u00e0 l\u2019\u00e9quipe STORM !\" \/>\n<meta property=\"og:url\" content=\"https:\/\/stormmarketing.ca\/en\/emplois\/\" \/>\n<meta property=\"og:site_name\" content=\"STORM\" \/>\n<meta property=\"article:publisher\" content=\"https:\/\/www.facebook.com\/stormmarketing.ca\" \/>\n<meta property=\"article:modified_time\" content=\"2026-03-28T21:08:52+00:00\" \/>\n<meta name=\"twitter:card\" content=\"summary_large_image\" \/>\n<meta name=\"twitter:image\" content=\"https:\/\/stormmarketing.ca\/wp-content\/uploads\/2022\/04\/Emploi_2022.jpg\" \/>\n<meta name=\"twitter:label1\" content=\"Est. reading time\" \/>\n\t<meta name=\"twitter:data1\" content=\"3 minutes\" \/>\n<script type=\"application\/ld+json\" class=\"yoast-schema-graph\">{\"@context\":\"https:\/\/schema.org\",\"@graph\":[{\"@type\":\"WebPage\",\"@id\":\"https:\/\/stormmarketing.ca\/en\/emplois\/\",\"url\":\"https:\/\/stormmarketing.ca\/en\/emplois\/\",\"name\":\"emplois. - STORM\",\"isPartOf\":{\"@id\":\"https:\/\/stormmarketing.ca\/en\/#website\"},\"datePublished\":\"2016-03-29T20:40:29+00:00\",\"dateModified\":\"2026-03-28T21:08:52+00:00\",\"description\":\"Vous \u00eates \u00e9nergique, enthousiasme, souriant, professionnel et vous adorez travailler avec le public ? Si oui, joignez-vous \u00e0 l\u2019\u00e9quipe STORM !\",\"breadcrumb\":{\"@id\":\"https:\/\/stormmarketing.ca\/en\/emplois\/#breadcrumb\"},\"inLanguage\":\"en-CA\",\"potentialAction\":[{\"@type\":\"ReadAction\",\"target\":[\"https:\/\/stormmarketing.ca\/en\/emplois\/\"]}]},{\"@type\":\"BreadcrumbList\",\"@id\":\"https:\/\/stormmarketing.ca\/en\/emplois\/#breadcrumb\",\"itemListElement\":[{\"@type\":\"ListItem\",\"position\":1,\"name\":\"Accueil\",\"item\":\"https:\/\/stormmarketing.ca\/en\/index\/\"},{\"@type\":\"ListItem\",\"position\":2,\"name\":\"emplois\"}]},{\"@type\":\"WebSite\",\"@id\":\"https:\/\/stormmarketing.ca\/en\/#website\",\"url\":\"https:\/\/stormmarketing.ca\/en\/\",\"name\":\"STORM\",\"description\":\"WEB - AFFICHAGE - DESIGN - \u00c9V\u00c9NEMENTS\",\"potentialAction\":[{\"@type\":\"SearchAction\",\"target\":{\"@type\":\"EntryPoint\",\"urlTemplate\":\"https:\/\/stormmarketing.ca\/en\/?s={search_term_string}\"},\"query-input\":\"required name=search_term_string\"}],\"inLanguage\":\"en-CA\"}]}<\/script>\n<!-- \/ Yoast SEO plugin. -->","yoast_head_json":{"title":"emplois. - STORM","description":"Vous \u00eates \u00e9nergique, enthousiasme, souriant, professionnel et vous adorez travailler avec le public ? Si oui, joignez-vous \u00e0 l\u2019\u00e9quipe STORM !","robots":{"index":"index","follow":"follow","max-snippet":"max-snippet:-1","max-image-preview":"max-image-preview:large","max-video-preview":"max-video-preview:-1"},"canonical":"https:\/\/stormmarketing.ca\/en\/emplois\/","og_locale":"en_US","og_type":"article","og_title":"STORM marketing","og_description":"Vous \u00eates \u00e9nergique, enthousiasme, souriant, professionnel et vous adorez travailler avec le public ? Si oui, joignez-vous \u00e0 l\u2019\u00e9quipe STORM !","og_url":"https:\/\/stormmarketing.ca\/en\/emplois\/","og_site_name":"STORM","article_publisher":"https:\/\/www.facebook.com\/stormmarketing.ca","article_modified_time":"2026-03-28T21:08:52+00:00","twitter_card":"summary_large_image","twitter_image":"https:\/\/stormmarketing.ca\/wp-content\/uploads\/2022\/04\/Emploi_2022.jpg","twitter_misc":{"Est. reading time":"3 minutes"},"schema":{"@context":"https:\/\/schema.org","@graph":[{"@type":"WebPage","@id":"https:\/\/stormmarketing.ca\/en\/emplois\/","url":"https:\/\/stormmarketing.ca\/en\/emplois\/","name":"emplois. - STORM","isPartOf":{"@id":"https:\/\/stormmarketing.ca\/en\/#website"},"datePublished":"2016-03-29T20:40:29+00:00","dateModified":"2026-03-28T21:08:52+00:00","description":"Vous \u00eates \u00e9nergique, enthousiasme, souriant, professionnel et vous adorez travailler avec le public ? Si oui, joignez-vous \u00e0 l\u2019\u00e9quipe STORM !","breadcrumb":{"@id":"https:\/\/stormmarketing.ca\/en\/emplois\/#breadcrumb"},"inLanguage":"en-CA","potentialAction":[{"@type":"ReadAction","target":["https:\/\/stormmarketing.ca\/en\/emplois\/"]}]},{"@type":"BreadcrumbList","@id":"https:\/\/stormmarketing.ca\/en\/emplois\/#breadcrumb","itemListElement":[{"@type":"ListItem","position":1,"name":"Accueil","item":"https:\/\/stormmarketing.ca\/en\/index\/"},{"@type":"ListItem","position":2,"name":"emplois"}]},{"@type":"WebSite","@id":"https:\/\/stormmarketing.ca\/en\/#website","url":"https:\/\/stormmarketing.ca\/en\/","name":"STORM","description":"WEB - AFFICHAGE - DESIGN - \u00c9V\u00c9NEMENTS","potentialAction":[{"@type":"SearchAction","target":{"@type":"EntryPoint","urlTemplate":"https:\/\/stormmarketing.ca\/en\/?s={search_term_string}"},"query-input":"required name=search_term_string"}],"inLanguage":"en-CA"}]}},"_links":{"self":[{"href":"https:\/\/stormmarketing.ca\/en\/wp-json\/wp\/v2\/pages\/367"}],"collection":[{"href":"https:\/\/stormmarketing.ca\/en\/wp-json\/wp\/v2\/pages"}],"about":[{"href":"https:\/\/stormmarketing.ca\/en\/wp-json\/wp\/v2\/types\/page"}],"author":[{"embeddable":true,"href":"https:\/\/stormmarketing.ca\/en\/wp-json\/wp\/v2\/users\/1"}],"replies":[{"embeddable":true,"href":"https:\/\/stormmarketing.ca\/en\/wp-json\/wp\/v2\/comments?post=367"}],"version-history":[{"count":0,"href":"https:\/\/stormmarketing.ca\/en\/wp-json\/wp\/v2\/pages\/367\/revisions"}],"wp:featuredmedia":[{"embeddable":true,"href":"https:\/\/stormmarketing.ca\/en\/wp-json\/wp\/v2\/media\/5633"}],"wp:attachment":[{"href":"https:\/\/stormmarketing.ca\/en\/wp-json\/wp\/v2\/media?parent=367"}],"curies":[{"name":"wp","href":"https:\/\/api.w.org\/{rel}","templated":true}]}}